{"id":2059,"date":"2023-08-01T14:38:39","date_gmt":"2023-08-01T06:38:39","guid":{"rendered":"https:\/\/hippopo.com.tw\/?page_id=2059"},"modified":"2023-08-23T12:44:40","modified_gmt":"2023-08-23T04:44:40","slug":"news","status":"publish","type":"page","link":"https:\/\/hippopo.com.tw\/en\/news\/","title":{"rendered":"NEWS"},"content":{"rendered":"<div class=\"banner has-hover has-parallax\" id=\"banner-647362724\">\n          <div class=\"banner-inner fill\">\n        <div class=\"banner-bg fill\" data-parallax=\"-5\" data-parallax-container=\".banner\" data-parallax-background>\n            <div class=\"bg fill bg-fill\"><\/div>\n                                    \n                    <\/div>\n\t\t\n        <div class=\"banner-layers container\">\n            <div class=\"fill banner-link\"><\/div>            \n   <div id=\"text-box-2141750621\" class=\"text-box banner-layer x5 md-x0 lg-x0 y50 md-y50 lg-y50 res-text\">\n                                <div class=\"text-box-content text dark\">\n              \n              <div class=\"text-inner text-center\">\n                  \n<h3><span style=\"font-size: 130%;\"><strong>NEWS<\/strong><\/span><\/h3>\n              <\/div>\n           <\/div>\n                            \n<style>\n#text-box-2141750621 {\n  width: 33%;\n}\n#text-box-2141750621 .text-box-content {\n  font-size: 100%;\n}\n@media (min-width:550px) {\n  #text-box-2141750621 {\n    width: 19%;\n  }\n}\n<\/style>\n    <\/div>\n \n        <\/div>\n      <\/div>\n\n            \n<style>\n#banner-647362724 {\n  padding-top: 370px;\n}\n#banner-647362724 .bg.bg-loaded {\n  background-image: url(https:\/\/hippopo.com.tw\/wp-content\/uploads\/2023\/08\/Frame-106-1170x371-1.jpg);\n}\n#banner-647362724 .bg {\n  background-position: 56% 100%;\n}\n#banner-647362724 .ux-shape-divider--top svg {\n  height: 150px;\n  --divider-top-width: 100%;\n}\n#banner-647362724 .ux-shape-divider--bottom svg {\n  height: 150px;\n  --divider-width: 100%;\n}\n<\/style>\n  <\/div>\n\n\n\t<div id=\"gap-1319787053\" class=\"gap-element clearfix\" style=\"display:block; height:auto;\">\n\t\t\n<style>\n#gap-1319787053 {\n  padding-top: 120px;\n}\n<\/style>\n\t<\/div>\n\t\n<div class=\"row align-middle align-center\"  id=\"row-1103343911\">\n\n\t<div id=\"col-740447287\" class=\"col medium-11 small-12 large-11\"  >\n\t\t\t\t<div class=\"col-inner\"  >\n\t\t\t\n\t\t\t\n\n  \n    <div class=\"row large-columns-3 medium-columns-1 small-columns-1 has-shadow row-box-shadow-5-hover slider row-slider slider-nav-reveal slider-nav-push\"  data-flickity-options='{\"imagesLoaded\": true, \"groupCells\": \"100%\", \"dragThreshold\" : 5, \"cellAlign\": \"left\",\"wrapAround\": true,\"prevNextButtons\": true,\"percentPosition\": true,\"pageDots\": false, \"rightToLeft\": false, \"autoPlay\" : false}'>\n\n  <div class=\"col post-item\" >\n\t\t\t<div class=\"col-inner\">\n\t\t\t<a href=\"https:\/\/hippopo.com.tw\/en\/pin-up-il-onlayn-kazino-dunyasna-smimi-bax-53\/\" class=\"plain\">\n\t\t\t\t<div class=\"box box-normal box-text-bottom box-blog-post has-hover\">\n          \t\t\t\t\t<div class=\"box-text text-center\" >\n\t\t\t\t\t<div class=\"box-text-inner blog-post-inner\">\n\n\t\t\t\t\t\n\t\t\t\t\t\t\t\t\t\t<h5 class=\"post-title is-large\">Pin Up il\u0259 Onlayn Kazino D\u00fcnyas\u0131na S\u0259mimi Bax\u0131\u015f: Probleml\u0259r, H\u0259ll\u0259r v\u0259 Praktik M\u0259sl\u0259h\u0259tl\u0259r<\/h5>\n\t\t\t\t\t<div class=\"post-meta is-small op-8\">2026-04-10<\/div>\t\t\t\t\t<div class=\"is-divider\"><\/div>\n\t\t\t\t\t\t\t\t\t\t<p class=\"from_the_blog_excerpt\">Onlayn kazino d\u00fcnyas\u0131 s\u00fcr\u0259tl\u0259 b\u00f6y\u00fcy\u00fcr v\u0259 Az\u0259rbaycanda d......\t\t\t\t\t<\/p>\n\t\t\t\t\t                    \n\t\t\t\t\t\n\t\t\t\t\t\n\t\t\t\t\t<\/div>\n\t\t\t\t\t<\/div>\n\t\t\t\t\t\t\t\t\t<\/div>\n\t\t\t\t<\/a>\n\t\t\t<\/div>\n\t\t<\/div><div class=\"col post-item\" >\n\t\t\t<div class=\"col-inner\">\n\t\t\t<a href=\"https:\/\/hippopo.com.tw\/en\/oficialnyj-sajt-pin-up-onlajn-kazino-vhod-v-pin-ap-2\/\" class=\"plain\">\n\t\t\t\t<div class=\"box box-normal box-text-bottom box-blog-post has-hover\">\n          \t\t\t\t\t<div class=\"box-text text-center\" >\n\t\t\t\t\t<div class=\"box-text-inner blog-post-inner\">\n\n\t\t\t\t\t\n\t\t\t\t\t\t\t\t\t\t<h5 class=\"post-title is-large\">\u041e\u0444\u0438\u0446\u0438\u0430\u043b\u044c\u043d\u044b\u0439 \u0441\u0430\u0439\u0442 Pin Up \u043e\u043d\u043b\u0430\u0439\u043d \u043a\u0430\u0437\u0438\u043d\u043e \u0412\u0445\u043e\u0434 \u0432 \u041f\u0438\u043d \u0410\u043f<\/h5>\n\t\t\t\t\t<div class=\"post-meta is-small op-8\">2026-04-10<\/div>\t\t\t\t\t<div class=\"is-divider\"><\/div>\n\t\t\t\t\t\t\t\t\t\t<p class=\"from_the_blog_excerpt\">\u0417\u0435\u0440\u043a\u0430\u043b\u043e \u043a\u0430\u0437\u0438\u043d\u043e \u041f\u0438\u043d \u0410\u043f \u043d\u0430\u0445\u043e\u0434\u0438\u0442\u0441\u044f \u043d\u0430 \u0434\u0440\u0443\u0433\u043e\u043c \u0432\u0435\u0431-\u0430\u0434\u0440\u0435\u0441\u0435 \u0432 ......\t\t\t\t\t<\/p>\n\t\t\t\t\t                    \n\t\t\t\t\t\n\t\t\t\t\t\n\t\t\t\t\t<\/div>\n\t\t\t\t\t<\/div>\n\t\t\t\t\t\t\t\t\t<\/div>\n\t\t\t\t<\/a>\n\t\t\t<\/div>\n\t\t<\/div><div class=\"col post-item\" >\n\t\t\t<div class=\"col-inner\">\n\t\t\t<a href=\"https:\/\/hippopo.com.tw\/en\/explorez-l-espace-du-gaming-en-ligne-avec-le-casino-1xbet\/\" class=\"plain\">\n\t\t\t\t<div class=\"box box-normal box-text-bottom box-blog-post has-hover\">\n          \t\t\t\t\t<div class=\"box-text text-center\" >\n\t\t\t\t\t<div class=\"box-text-inner blog-post-inner\">\n\n\t\t\t\t\t\n\t\t\t\t\t\t\t\t\t\t<h5 class=\"post-title is-large\">Explorez l&#8217;Espace du Gaming en Ligne avec le Casino 1xBet<\/h5>\n\t\t\t\t\t<div class=\"post-meta is-small op-8\">2026-04-10<\/div>\t\t\t\t\t<div class=\"is-divider\"><\/div>\n\t\t\t\t\t\t\t\t\t\t<p class=\"from_the_blog_excerpt\">Index des mati\u00e8res Notre H\u00e9ritage Ludique et Votre Exp\u00e9......\t\t\t\t\t<\/p>\n\t\t\t\t\t                    \n\t\t\t\t\t\n\t\t\t\t\t\n\t\t\t\t\t<\/div>\n\t\t\t\t\t<\/div>\n\t\t\t\t\t\t\t\t\t<\/div>\n\t\t\t\t<\/a>\n\t\t\t<\/div>\n\t\t<\/div><div class=\"col post-item\" >\n\t\t\t<div class=\"col-inner\">\n\t\t\t<a href=\"https:\/\/hippopo.com.tw\/en\/vulkanvegas-l-teva-destinacio-de-gaming-en-linia-de-confianca\/\" class=\"plain\">\n\t\t\t\t<div class=\"box box-normal box-text-bottom box-blog-post has-hover\">\n          \t\t\t\t\t<div class=\"box-text text-center\" >\n\t\t\t\t\t<div class=\"box-text-inner blog-post-inner\">\n\n\t\t\t\t\t\n\t\t\t\t\t\t\t\t\t\t<h5 class=\"post-title is-large\">Vulkanvegas: L&#8217; teva Destinaci\u00f3 de Gaming en L\u00ednia de Confian\u00e7a<\/h5>\n\t\t\t\t\t<div class=\"post-meta is-small op-8\">2026-04-10<\/div>\t\t\t\t\t<div class=\"is-divider\"><\/div>\n\t\t\t\t\t\t\t\t\t\t<p class=\"from_the_blog_excerpt\">\u00cdndex Viv\u00e8ncia i Genu\u00efnitat al nostre Casino Cartera de......\t\t\t\t\t<\/p>\n\t\t\t\t\t                    \n\t\t\t\t\t\n\t\t\t\t\t\n\t\t\t\t\t<\/div>\n\t\t\t\t\t<\/div>\n\t\t\t\t\t\t\t\t\t<\/div>\n\t\t\t\t<\/a>\n\t\t\t<\/div>\n\t\t<\/div><div class=\"col post-item\" >\n\t\t\t<div class=\"col-inner\">\n\t\t\t<a href=\"https:\/\/hippopo.com.tw\/en\/casino-alfobet-cassino-vivencia-premium-de-jogos-digital-em-solo-portugues\/\" class=\"plain\">\n\t\t\t\t<div class=\"box box-normal box-text-bottom box-blog-post has-hover\">\n          \t\t\t\t\t<div class=\"box-text text-center\" >\n\t\t\t\t\t<div class=\"box-text-inner blog-post-inner\">\n\n\t\t\t\t\t\n\t\t\t\t\t\t\t\t\t\t<h5 class=\"post-title is-large\">Casino Alfobet Cassino &#8211; Viv\u00eancia Premium de Jogos Digital em Solo Portugu\u00eas<\/h5>\n\t\t\t\t\t<div class=\"post-meta is-small op-8\">2026-04-10<\/div>\t\t\t\t\t<div class=\"is-divider\"><\/div>\n\t\t\t\t\t\t\t\t\t\t<p class=\"from_the_blog_excerpt\">Sum\u00e1rio Sistema e Tecnologia Avan\u00e7ada de Mais Recente G......\t\t\t\t\t<\/p>\n\t\t\t\t\t                    \n\t\t\t\t\t\n\t\t\t\t\t\n\t\t\t\t\t<\/div>\n\t\t\t\t\t<\/div>\n\t\t\t\t\t\t\t\t\t<\/div>\n\t\t\t\t<\/a>\n\t\t\t<\/div>\n\t\t<\/div><div class=\"col post-item\" >\n\t\t\t<div class=\"col-inner\">\n\t\t\t<a href=\"https:\/\/hippopo.com.tw\/en\/wager-casino-luotettava-peliymparisto-suomalaisille-pelaajille\/\" class=\"plain\">\n\t\t\t\t<div class=\"box box-normal box-text-bottom box-blog-post has-hover\">\n          \t\t\t\t\t<div class=\"box-text text-center\" >\n\t\t\t\t\t<div class=\"box-text-inner blog-post-inner\">\n\n\t\t\t\t\t\n\t\t\t\t\t\t\t\t\t\t<h5 class=\"post-title is-large\">Wager- Casino \u2013 Luotettava Peliymp\u00e4rist\u00f6 Suomalaisille Pelaajille<\/h5>\n\t\t\t\t\t<div class=\"post-meta is-small op-8\">2026-04-10<\/div>\t\t\t\t\t<div class=\"is-divider\"><\/div>\n\t\t\t\t\t\t\t\t\t\t<p class=\"from_the_blog_excerpt\">Sis\u00e4lt\u00f6 Pelikirjastomme sek\u00e4 Pelikehitt\u00e4j\u00e4t Maksut ja K......\t\t\t\t\t<\/p>\n\t\t\t\t\t                    \n\t\t\t\t\t\n\t\t\t\t\t\n\t\t\t\t\t<\/div>\n\t\t\t\t\t<\/div>\n\t\t\t\t\t\t\t\t\t<\/div>\n\t\t\t\t<\/a>\n\t\t\t<\/div>\n\t\t<\/div><div class=\"col post-item\" >\n\t\t\t<div class=\"col-inner\">\n\t\t\t<a href=\"https:\/\/hippopo.com.tw\/en\/spinmacho-spielhalle-deine-personliche-anlaufstelle-fur-ein-erstklassiges\/\" class=\"plain\">\n\t\t\t\t<div class=\"box box-normal box-text-bottom box-blog-post has-hover\">\n          \t\t\t\t\t<div class=\"box-text text-center\" >\n\t\t\t\t\t<div class=\"box-text-inner blog-post-inner\">\n\n\t\t\t\t\t\n\t\t\t\t\t\t\t\t\t\t<h5 class=\"post-title is-large\">Spinmacho Spielhalle \u2013 Deine pers\u00f6nliche Anlaufstelle f\u00fcr ein erstklassiges Internet-Gl\u00fccksspiel<\/h5>\n\t\t\t\t\t<div class=\"post-meta is-small op-8\">2026-04-10<\/div>\t\t\t\t\t<div class=\"is-divider\"><\/div>\n\t\t\t\t\t\t\t\t\t\t<p class=\"from_the_blog_excerpt\">Inhaltsverzeichnis Unser exklusives vielf\u00e4ltiges Spiels......\t\t\t\t\t<\/p>\n\t\t\t\t\t                    \n\t\t\t\t\t\n\t\t\t\t\t\n\t\t\t\t\t<\/div>\n\t\t\t\t\t<\/div>\n\t\t\t\t\t\t\t\t\t<\/div>\n\t\t\t\t<\/a>\n\t\t\t<\/div>\n\t\t<\/div><div class=\"col post-item\" >\n\t\t\t<div class=\"col-inner\">\n\t\t\t<a href=\"https:\/\/hippopo.com.tw\/en\/bassbet-casino-erlebe-spannung-sowie-unterhaltung-in-hochstem-niveau\/\" class=\"plain\">\n\t\t\t\t<div class=\"box box-normal box-text-bottom box-blog-post has-hover\">\n          \t\t\t\t\t<div class=\"box-text text-center\" >\n\t\t\t\t\t<div class=\"box-text-inner blog-post-inner\">\n\n\t\t\t\t\t\n\t\t\t\t\t\t\t\t\t\t<h5 class=\"post-title is-large\">BassBet Casino \u2013 Erlebe Spannung sowie Unterhaltung in h\u00f6chstem Niveau<\/h5>\n\t\t\t\t\t<div class=\"post-meta is-small op-8\">2026-04-10<\/div>\t\t\t\t\t<div class=\"is-divider\"><\/div>\n\t\t\t\t\t\t\t\t\t\t<p class=\"from_the_blog_excerpt\">Inhaltsverzeichnis Willkommen bei unserer Online Spielw......\t\t\t\t\t<\/p>\n\t\t\t\t\t                    \n\t\t\t\t\t\n\t\t\t\t\t\n\t\t\t\t\t<\/div>\n\t\t\t\t\t<\/div>\n\t\t\t\t\t\t\t\t\t<\/div>\n\t\t\t\t<\/a>\n\t\t\t<\/div>\n\t\t<\/div><\/div>\n\t<div id=\"gap-896299342\" class=\"gap-element clearfix\" style=\"display:block; height:auto;\">\n\t\t\n<style>\n#gap-896299342 {\n  padding-top: 180px;\n}\n<\/style>\n\t<\/div>\n\t\n\t\t<\/div>\n\t\t\t\t\t<\/div>\n\n\t\n<\/div>","protected":false},"excerpt":{"rendered":"","protected":false},"author":3,"featured_media":0,"parent":0,"menu_order":0,"comment_status":"closed","ping_status":"closed","template":"page-blank.php","meta":{"footnotes":""},"class_list":["post-2059","page","type-page","status-publish","hentry"],"yoast_head":"<!-- This site is optimized with the Yoast SEO Premium plugin v14.7 - https:\/\/yoast.com\/wordpress\/plugins\/seo\/ -->\n<title>\u6700\u65b0\u6d88\u606f - hippopo\u6cb3\u99ac\u65b0\u5275\u5168\u7403\u7269\u6d41<\/title>\n<meta name=\"robots\" content=\"index, follow\" \/>\n<meta name=\"googlebot\" content=\"index, follow, max-snippet:-1, max-image-preview:large, max-video-preview:-1\" \/>\n<meta name=\"bingbot\" content=\"index, follow, max-snippet:-1, max-image-preview:large, max-video-preview:-1\" \/>\n<link rel=\"canonical\" href=\"https:\/\/hippopo.com.tw\/en\/news\/\" \/>\n<meta property=\"og:locale\" content=\"en_GB\" \/>\n<meta property=\"og:type\" content=\"article\" \/>\n<meta property=\"og:title\" content=\"\u6700\u65b0\u6d88\u606f - hippopo\u6cb3\u99ac\u65b0\u5275\u5168\u7403\u7269\u6d41\" \/>\n<meta property=\"og:url\" content=\"https:\/\/hippopo.com.tw\/en\/news\/\" \/>\n<meta property=\"og:site_name\" content=\"hippopo\u6cb3\u99ac\u65b0\u5275\u5168\u7403\u7269\u6d41\" \/>\n<meta property=\"article:modified_time\" content=\"2023-08-23T04:44:40+00:00\" \/>\n<meta name=\"twitter:card\" content=\"summary_large_image\" \/>\n<script type=\"application\/ld+json\" class=\"yoast-schema-graph\">{\"@context\":\"https:\/\/schema.org\",\"@graph\":[{\"@type\":\"WebSite\",\"@id\":\"https:\/\/hippopo.com.tw\/en\/#website\",\"url\":\"https:\/\/hippopo.com.tw\/en\/\",\"name\":\"hippopo\\u6cb3\\u99ac\\u65b0\\u5275\\u5168\\u7403\\u7269\\u6d41\",\"description\":\"hippopo\\u6cb3\\u99ac\\u65b0\\u5275\\u5168\\u7403\\u7269\\u6d41\",\"potentialAction\":[{\"@type\":\"SearchAction\",\"target\":\"https:\/\/hippopo.com.tw\/en\/?s={search_term_string}\",\"query-input\":\"required name=search_term_string\"}],\"inLanguage\":\"en-GB\"},{\"@type\":\"WebPage\",\"@id\":\"https:\/\/hippopo.com.tw\/news\/#webpage\",\"url\":\"https:\/\/hippopo.com.tw\/news\/\",\"name\":\"\\u6700\\u65b0\\u6d88\\u606f - hippopo\\u6cb3\\u99ac\\u65b0\\u5275\\u5168\\u7403\\u7269\\u6d41\",\"isPartOf\":{\"@id\":\"https:\/\/hippopo.com.tw\/en\/#website\"},\"datePublished\":\"2023-08-01T06:38:39+00:00\",\"dateModified\":\"2023-08-23T04:44:40+00:00\",\"breadcrumb\":{\"@id\":\"https:\/\/hippopo.com.tw\/news\/#breadcrumb\"},\"inLanguage\":\"en-GB\",\"potentialAction\":[{\"@type\":\"ReadAction\",\"target\":[\"https:\/\/hippopo.com.tw\/news\/\"]}]},{\"@type\":\"BreadcrumbList\",\"@id\":\"https:\/\/hippopo.com.tw\/news\/#breadcrumb\",\"itemListElement\":[{\"@type\":\"ListItem\",\"position\":1,\"item\":{\"@type\":\"WebPage\",\"@id\":\"https:\/\/hippopo.com.tw\/\",\"url\":\"https:\/\/hippopo.com.tw\/\",\"name\":\"\\u9996\\u9801\"}},{\"@type\":\"ListItem\",\"position\":2,\"item\":{\"@type\":\"WebPage\",\"@id\":\"https:\/\/hippopo.com.tw\/news\/\",\"url\":\"https:\/\/hippopo.com.tw\/news\/\",\"name\":\"\\u6700\\u65b0\\u6d88\\u606f\"}}]}]}<\/script>\n<!-- \/ Yoast SEO Premium plugin. -->","_links":{"self":[{"href":"https:\/\/hippopo.com.tw\/en\/wp-json\/wp\/v2\/pages\/2059","targetHints":{"allow":["GET"]}}],"collection":[{"href":"https:\/\/hippopo.com.tw\/en\/wp-json\/wp\/v2\/pages"}],"about":[{"href":"https:\/\/hippopo.com.tw\/en\/wp-json\/wp\/v2\/types\/page"}],"author":[{"embeddable":true,"href":"https:\/\/hippopo.com.tw\/en\/wp-json\/wp\/v2\/users\/3"}],"replies":[{"embeddable":true,"href":"https:\/\/hippopo.com.tw\/en\/wp-json\/wp\/v2\/comments?post=2059"}],"version-history":[{"count":7,"href":"https:\/\/hippopo.com.tw\/en\/wp-json\/wp\/v2\/pages\/2059\/revisions"}],"predecessor-version":[{"id":2280,"href":"https:\/\/hippopo.com.tw\/en\/wp-json\/wp\/v2\/pages\/2059\/revisions\/2280"}],"wp:attachment":[{"href":"https:\/\/hippopo.com.tw\/en\/wp-json\/wp\/v2\/media?parent=2059"}],"curies":[{"name":"wp","href":"https:\/\/api.w.org\/{rel}","templated":true}]}}