{"id":2074,"date":"2023-08-01T14:40:52","date_gmt":"2023-08-01T06:40:52","guid":{"rendered":"https:\/\/hippopo.com.tw\/?page_id=2074"},"modified":"2023-09-01T18:26:02","modified_gmt":"2023-09-01T10:26:02","slug":"volume-conversion","status":"publish","type":"page","link":"https:\/\/hippopo.com.tw\/en\/volume-conversion\/","title":{"rendered":"Volume Conversion"},"content":{"rendered":"<div class=\"banner has-hover\" id=\"banner-805101837\">\n          <div class=\"banner-inner fill\">\n        <div class=\"banner-bg fill\" >\n            <div class=\"bg fill bg-fill\"><\/div>\n                                    \n                    <\/div>\n\t\t\n        <div class=\"banner-layers container\">\n            <div class=\"fill banner-link\"><\/div>            \n   <div id=\"text-box-631759976\" class=\"text-box banner-layer x50 md-x50 lg-x50 y50 md-y50 lg-y50 res-text\">\n                                <div class=\"text-box-content text dark text-shadow-1\">\n              \n              <div class=\"text-inner text-center\">\n                  \n<h3><span style=\"font-size: 130%;\"><strong>Volume Conversion<\/strong><\/span><\/h3>\n              <\/div>\n           <\/div>\n                            \n<style>\n#text-box-631759976 {\n  width: 41%;\n}\n#text-box-631759976 .text-box-content {\n  font-size: 100%;\n}\n@media (min-width:550px) {\n  #text-box-631759976 {\n    width: 18%;\n  }\n}\n<\/style>\n    <\/div>\n \n        <\/div>\n      <\/div>\n\n            \n<style>\n#banner-805101837 {\n  padding-top: 300px;\n  background-color: rgb(25, 25, 25);\n}\n#banner-805101837 .ux-shape-divider--top svg {\n  height: 150px;\n  --divider-top-width: 100%;\n}\n#banner-805101837 .ux-shape-divider--bottom svg {\n  height: 150px;\n  --divider-width: 100%;\n}\n<\/style>\n  <\/div>\n\n\n\t<div id=\"gap-1793325552\" class=\"gap-element clearfix\" style=\"display:block; height:auto;\">\n\t\t\n<style>\n#gap-1793325552 {\n  padding-top: 30px;\n}\n<\/style>\n\t<\/div>\n\t\n<div class=\"row align-middle align-center\"  id=\"row-1166929880\">\n\n\t<div id=\"col-1366668010\" class=\"col medium-11 small-12 large-11\"  >\n\t\t\t\t<div class=\"col-inner\"  >\n\t\t\t\n\t\t\t\n\t<div id=\"text-773616776\" class=\"text\">\n\t\t\n<div class=\"wpb_text_column wpb_content_element\">\n<div class=\"wpb_wrapper\">\n<h1><span class=\"line\">Volume Conversion<\/span><\/h1>\n<\/div>\n<\/div>\n<div class=\"wpb_text_column wpb_content_element\">\n<div class=\"wpb_wrapper\">\n<p><span style=\"font-size: 120%;\">Air Freight Volume Conversion\nCalculated via the International Volumetric Weight Formula\n\nBasic calculation formula: length \u00d7 width \u00d7 height (cm) \u00f7 6,000 = volumetric weight (kg)<\/span><\/p>\n<p><span style=\"font-size: 120%;\">However, since 2009, some air and express companies have adopted this formula:\nThe International Air Transport Association (IATA) standard length \u00d7 width \u00d7 height (cm) \u00f7 5,000 = volumetric weight (kg)\n\nExpress Weight Conversion\nExpress Cargo Weight Calculation\n\nCalculate by weight or volume, whichever is greater: length \u00d7 width \u00d7 height (cm) \u00f7 5,000 = volumetric weight (kg)\n\nOcean Freight Volume Conversion\nCalculated via the International Volumetric Weight Formula\n\nUses the unit of CUFT: length x width x height (cm) x 0.0000353 = cuft (cubic feet)\nHow to calculate CUFT to CBM: ___ CUFT \u00f7 35.315 = ______ CBM (cubic meters)<\/span><\/p>\n<\/div>\n<\/div>\n\t\t\n<style>\n#text-773616776 {\n  font-size: 0.75rem;\n  line-height: 1.35;\n}\n@media (min-width:550px) {\n  #text-773616776 {\n    line-height: 1.6;\n  }\n}\n<\/style>\n\t<\/div>\n\t\n\t\t<\/div>\n\t\t\t\t\t<\/div>\n\n\t\n\n\t<div id=\"col-1830985701\" class=\"col medium-11 small-12 large-11\"  >\n\t\t\t\t<div class=\"col-inner\"  >\n\t\t\t\n\t\t\t\n<!-- HFCM by 99 Robots - Snippet # 3: \u8a08\u7b97\u516c\u5f0f -->\n<style>\r\n  .appiontment-form input {\r\n    background: #ffffff;\r\n    height: 80px;\r\n    width: 100%;\r\n    padding-left: 30px;\r\n    color: #282828;\r\n    font-size: 16px;\r\n    text-transform: capitalize;\r\n    border-radius: 0;\r\n    font-weight: 600;\r\n    font-family: \"Poppins\";\r\n    transition: 0.3s;\r\n  }\r\n  .btn {\r\n    display: inline-block;\r\n    padding: 6px 12px;\r\n    margin-bottom: 0;\r\n    font-size: 14px;\r\n    font-weight: 400;\r\n    line-height: 1.42857143;\r\n    text-align: center;\r\n    white-space: nowrap;\r\n    vertical-align: middle;\r\n    -ms-touch-action: manipulation;\r\n    touch-action: manipulation;\r\n    cursor: pointer;\r\n    -webkit-user-select: none;\r\n    -moz-user-select: none;\r\n    -ms-user-select: none;\r\n    user-select: none;\r\n    background-image: none;\r\n    border: 1px solid transparent;\r\n    border-radius: 4px;\r\n  }\r\n\r\n  input[type=\"text\"],\r\n  textarea {\r\n    border: 1px solid #555;\r\n    width: 100%;\r\n  }\r\n\r\n  input {\r\n    height: 40px;\r\n  }\r\n<\/style>\r\n<div class=\"wpb_raw_code wpb_content_element wpb_raw_html\">\r\n  <div class=\"wpb_wrapper\">\r\n    <div class=\"appiontment-wrapper app-wrapper\">\r\n      <form class=\"appiontment-form\" action=\"#\" name=\"mycal\" data-trp-original-action=\"#\">\r\n        <div class=\"row\">\r\n          <div class=\"form-box mb-20\">\r\n            <input id=\"l1\" name=\"l1\" required=\"\" type=\"text\" placeholder=\"\u9577\" \/>\r\n          <\/div>\r\n          <div><span style=\"vertical-align: bottom\"> \u516c\u5206<\/span><\/div>\r\n        <\/div>\r\n        <div class=\"row\">\r\n          <div class=\"form-box mb-20\">\r\n            <input id=\"w1\" name=\"w1\" required=\"\" type=\"text\" placeholder=\"\u5bec\" \/>\r\n          <\/div>\r\n          <div><span style=\"vertical-align: bottom\"> \u516c\u5206<\/span><\/div>\r\n        <\/div>\r\n        <div class=\"row\">\r\n          <div class=\"form-box mb-20\">\r\n            <input id=\"h1\" name=\"h1\" required=\"\" type=\"text\" placeholder=\"\u9ad8\" \/>\r\n          <\/div>\r\n          <div><span style=\"vertical-align: bottom\"> \u516c\u5206<\/span><\/div>\r\n        <\/div>\r\n\r\n        <div class=\"app-button\">\r\n          <button\r\n            onclick=\"Cal()\"\r\n            class=\"btn\"\r\n            name=\"button2\"\r\n            type=\"button\"\r\n            value=\"\u8a08\u7b97\u6750\u7a4d\"\r\n          >\r\n            \u8a08\u7b97\r\n          <\/button>\r\n        <\/div>\r\n      <input type=\"hidden\" name=\"trp-form-language\" value=\"en\"\/><\/form>\r\n    <\/div>\r\n\r\n    <div class=\"row\">\r\n      <div class=\"form-box mb-20\">\r\n        <input\r\n          id=\"w4\"\r\n          name=\"w4\"\r\n          readonly=\"readonly\"\r\n          type=\"text\"\r\n          placeholder=\"\u6750\u7a4d\u91cd\u91cf\"\r\n        \/>\r\n      <\/div>\r\n      <div><span style=\"vertical-align: bottom\"> \u516c\u65a4<\/span><\/div>\r\n    <\/div>\r\n  <\/div>\r\n<\/div>\r\n<script>\r\n  function Cal() {\r\n    var l1 = document.getElementById(\"l1\").value;\r\n    var w1 = document.getElementById(\"w1\").value;\r\n    var h1 = document.getElementById(\"h1\").value;\r\n    var w4 = document.getElementById(\"w4\");\r\n    var w2 = l1 * w1 * h1;\r\n    var w3 = w2 \/ 6000;\r\n    w4.value = w3.toFixed(2);\r\n  }\r\n<\/script>\r\n\n<!-- \/end HFCM by 99 Robots -->\n\n\t\t<\/div>\n\t\t\t\t\t<\/div>\n\n\t\n<\/div>","protected":false},"excerpt":{"rendered":"","protected":false},"author":3,"featured_media":0,"parent":0,"menu_order":0,"comment_status":"closed","ping_status":"closed","template":"","meta":{"footnotes":""},"class_list":["post-2074","page","type-page","status-publish","hentry"],"yoast_head":"<!-- This site is optimized with the Yoast SEO Premium plugin v14.7 - https:\/\/yoast.com\/wordpress\/plugins\/seo\/ -->\n<title>\u6750\u7a4d\u63db\u7b97 - hippopo\u6cb3\u99ac\u65b0\u5275\u5168\u7403\u7269\u6d41<\/title>\n<meta name=\"robots\" content=\"index, follow\" \/>\n<meta name=\"googlebot\" content=\"index, follow, max-snippet:-1, max-image-preview:large, max-video-preview:-1\" \/>\n<meta name=\"bingbot\" content=\"index, follow, max-snippet:-1, max-image-preview:large, max-video-preview:-1\" \/>\n<link rel=\"canonical\" href=\"https:\/\/hippopo.com.tw\/en\/volume-conversion\/\" \/>\n<meta property=\"og:locale\" content=\"en_GB\" \/>\n<meta property=\"og:type\" content=\"article\" \/>\n<meta property=\"og:title\" content=\"\u6750\u7a4d\u63db\u7b97 - hippopo\u6cb3\u99ac\u65b0\u5275\u5168\u7403\u7269\u6d41\" \/>\n<meta property=\"og:url\" content=\"https:\/\/hippopo.com.tw\/en\/volume-conversion\/\" \/>\n<meta property=\"og:site_name\" content=\"hippopo\u6cb3\u99ac\u65b0\u5275\u5168\u7403\u7269\u6d41\" \/>\n<meta property=\"article:modified_time\" content=\"2023-09-01T10:26:02+00:00\" \/>\n<meta name=\"twitter:card\" content=\"summary_large_image\" \/>\n<script type=\"application\/ld+json\" class=\"yoast-schema-graph\">{\"@context\":\"https:\/\/schema.org\",\"@graph\":[{\"@type\":\"WebSite\",\"@id\":\"https:\/\/hippopo.com.tw\/en\/#website\",\"url\":\"https:\/\/hippopo.com.tw\/en\/\",\"name\":\"hippopo\\u6cb3\\u99ac\\u65b0\\u5275\\u5168\\u7403\\u7269\\u6d41\",\"description\":\"hippopo\\u6cb3\\u99ac\\u65b0\\u5275\\u5168\\u7403\\u7269\\u6d41\",\"potentialAction\":[{\"@type\":\"SearchAction\",\"target\":\"https:\/\/hippopo.com.tw\/en\/?s={search_term_string}\",\"query-input\":\"required name=search_term_string\"}],\"inLanguage\":\"en-GB\"},{\"@type\":\"WebPage\",\"@id\":\"https:\/\/hippopo.com.tw\/volume-conversion\/#webpage\",\"url\":\"https:\/\/hippopo.com.tw\/volume-conversion\/\",\"name\":\"\\u6750\\u7a4d\\u63db\\u7b97 - hippopo\\u6cb3\\u99ac\\u65b0\\u5275\\u5168\\u7403\\u7269\\u6d41\",\"isPartOf\":{\"@id\":\"https:\/\/hippopo.com.tw\/en\/#website\"},\"datePublished\":\"2023-08-01T06:40:52+00:00\",\"dateModified\":\"2023-09-01T10:26:02+00:00\",\"breadcrumb\":{\"@id\":\"https:\/\/hippopo.com.tw\/volume-conversion\/#breadcrumb\"},\"inLanguage\":\"en-GB\",\"potentialAction\":[{\"@type\":\"ReadAction\",\"target\":[\"https:\/\/hippopo.com.tw\/volume-conversion\/\"]}]},{\"@type\":\"BreadcrumbList\",\"@id\":\"https:\/\/hippopo.com.tw\/volume-conversion\/#breadcrumb\",\"itemListElement\":[{\"@type\":\"ListItem\",\"position\":1,\"item\":{\"@type\":\"WebPage\",\"@id\":\"https:\/\/hippopo.com.tw\/\",\"url\":\"https:\/\/hippopo.com.tw\/\",\"name\":\"\\u9996\\u9801\"}},{\"@type\":\"ListItem\",\"position\":2,\"item\":{\"@type\":\"WebPage\",\"@id\":\"https:\/\/hippopo.com.tw\/volume-conversion\/\",\"url\":\"https:\/\/hippopo.com.tw\/volume-conversion\/\",\"name\":\"\\u6750\\u7a4d\\u63db\\u7b97\"}}]}]}<\/script>\n<!-- \/ Yoast SEO Premium plugin. -->","_links":{"self":[{"href":"https:\/\/hippopo.com.tw\/en\/wp-json\/wp\/v2\/pages\/2074","targetHints":{"allow":["GET"]}}],"collection":[{"href":"https:\/\/hippopo.com.tw\/en\/wp-json\/wp\/v2\/pages"}],"about":[{"href":"https:\/\/hippopo.com.tw\/en\/wp-json\/wp\/v2\/types\/page"}],"author":[{"embeddable":true,"href":"https:\/\/hippopo.com.tw\/en\/wp-json\/wp\/v2\/users\/3"}],"replies":[{"embeddable":true,"href":"https:\/\/hippopo.com.tw\/en\/wp-json\/wp\/v2\/comments?post=2074"}],"version-history":[{"count":10,"href":"https:\/\/hippopo.com.tw\/en\/wp-json\/wp\/v2\/pages\/2074\/revisions"}],"predecessor-version":[{"id":2310,"href":"https:\/\/hippopo.com.tw\/en\/wp-json\/wp\/v2\/pages\/2074\/revisions\/2310"}],"wp:attachment":[{"href":"https:\/\/hippopo.com.tw\/en\/wp-json\/wp\/v2\/media?parent=2074"}],"curies":[{"name":"wp","href":"https:\/\/api.w.org\/{rel}","templated":true}]}}